{"id":1295,"date":"2021-01-06T11:38:10","date_gmt":"2021-01-06T10:38:10","guid":{"rendered":"http:\/\/www.morissonscooters.fr\/?page_id=1295"},"modified":"2021-10-14T17:26:07","modified_gmt":"2021-10-14T15:26:07","slug":"velo-a-assistance-electrique-velo-cargo-a-assistance-electrique","status":"publish","type":"page","link":"https:\/\/www.morissonscooters.fr\/index.php\/velo-a-assistance-electrique-velo-cargo-a-assistance-electrique\/","title":{"rendered":"V\u00e9lo \u00e0 assistance \u00e9lectrique"},"content":{"rendered":"\n<div class=\"wp-block-themeisle-blocks-advanced-columns has-1-columns has-desktop-equal-layout has-tablet-equal-layout has-mobile-equal-layout has-default-gap has-vertical-unset\" id=\"wp-block-themeisle-blocks-advanced-columns-712667c0\"><div class=\"wp-block-themeisle-blocks-advanced-columns-overlay\"><\/div><div class=\"innerblocks-wrap\">\n<div class=\"wp-block-themeisle-blocks-advanced-column\" id=\"wp-block-themeisle-blocks-advanced-column-25bc5399\">\n<h2 class=\"wp-block-heading\">Merci de cliquer sur un menu de l&rsquo;onglet d\u00e9roulant<\/h2>\n<\/div>\n<\/div><\/div>\n\n\n\n<p><\/p>\n","protected":false},"excerpt":{"rendered":"","protected":false},"author":1,"featured_media":0,"parent":0,"menu_order":0,"comment_status":"closed","ping_status":"closed","template":"","meta":{"_seopress_robots_primary_cat":"","_seopress_titles_title":"","_seopress_titles_desc":"","_seopress_robots_index":"","footnotes":""},"class_list":["post-1295","page","type-page","status-publish","hentry"],"jetpack_sharing_enabled":true,"_links":{"self":[{"href":"https:\/\/www.morissonscooters.fr\/index.php\/wp-json\/wp\/v2\/pages\/1295","targetHints":{"allow":["GET"]}}],"collection":[{"href":"https:\/\/www.morissonscooters.fr\/index.php\/wp-json\/wp\/v2\/pages"}],"about":[{"href":"https:\/\/www.morissonscooters.fr\/index.php\/wp-json\/wp\/v2\/types\/page"}],"author":[{"embeddable":true,"href":"https:\/\/www.morissonscooters.fr\/index.php\/wp-json\/wp\/v2\/users\/1"}],"replies":[{"embeddable":true,"href":"https:\/\/www.morissonscooters.fr\/index.php\/wp-json\/wp\/v2\/comments?post=1295"}],"version-history":[{"count":1,"href":"https:\/\/www.morissonscooters.fr\/index.php\/wp-json\/wp\/v2\/pages\/1295\/revisions"}],"predecessor-version":[{"id":90027,"href":"https:\/\/www.morissonscooters.fr\/index.php\/wp-json\/wp\/v2\/pages\/1295\/revisions\/90027"}],"wp:attachment":[{"href":"https:\/\/www.morissonscooters.fr\/index.php\/wp-json\/wp\/v2\/media?parent=1295"}],"curies":[{"name":"wp","href":"https:\/\/api.w.org\/{rel}","templated":true}]}}