{"id":2397,"date":"2023-12-20T16:22:49","date_gmt":"2023-12-20T15:22:49","guid":{"rendered":"http:\/\/www.morissonscooters.fr\/?page_id=2397"},"modified":"2023-12-20T16:31:53","modified_gmt":"2023-12-20T15:31:53","slug":"xp-400","status":"publish","type":"page","link":"https:\/\/www.morissonscooters.fr\/index.php\/xp-400\/","title":{"rendered":"Xp 400"},"content":{"rendered":"\n<h4 class=\"has-text-align-center wp-block-heading\">maxi scooter<\/h4>\n\n\n\n<p class=\"has-text-align-center\"><strong>Entre scooters urbains premium et motos<\/strong><\/p>\n\n\n\n<p class=\"has-text-align-center\">Tant par son design que par ses fonctionnalit\u00e9s, Peugeot Motocycles propose XP400, un v\u00e9hicule puissant de 400cc. Fabriqu\u00e9 en France, XP400 compl\u00e8te ainsi la famille des v\u00e9hicules Premium de la marque. XP400 GT propose une version au style singulier. Son pare-brise fum\u00e9, ses suspensions haut de gamme et ses lignes anguleuses, permettent \u00e0 XP400 GT d\u2019incarner la puissance et le dynamisme tant recherch\u00e9 sur le segment des maxi scooters. XP400 a un caract\u00e8re urbain, mais pas que !<\/p>\n\n\n\n<figure class=\"wp-block-gallery columns-3 is-cropped wp-block-gallery-1 is-layout-flex wp-block-gallery-is-layout-flex\"><ul class=\"blocks-gallery-grid\"><li class=\"blocks-gallery-item\"><figure><a href=\"https:\/\/www.morissonscooters.fr\/wp-content\/uploads\/2023\/12\/1b9ca806-0836-488c-aaec-5aa2eccf059a.jpg\"><img alt=\"\" loading=\"lazy\" decoding=\"async\" width=\"1024\" height=\"683\" src=\"https:\/\/www.morissonscooters.fr\/wp-content\/uploads\/2023\/12\/1b9ca806-0836-488c-aaec-5aa2eccf059a-1024x683.jpg\" alt=\"\" data-id=\"2400\" data-full-url=\"https:\/\/www.morissonscooters.fr\/wp-content\/uploads\/2023\/12\/1b9ca806-0836-488c-aaec-5aa2eccf059a.jpg\" data-link=\"https:\/\/www.morissonscooters.fr\/index.php\/xp-400\/1b9ca806-0836-488c-aaec-5aa2eccf059a\/\" class=\"wp-image-2400\" srcset=\"https:\/\/www.morissonscooters.fr\/wp-content\/uploads\/2023\/12\/1b9ca806-0836-488c-aaec-5aa2eccf059a-1024x683.jpg 1024w, https:\/\/www.morissonscooters.fr\/wp-content\/uploads\/2023\/12\/1b9ca806-0836-488c-aaec-5aa2eccf059a-300x200.jpg 300w, https:\/\/www.morissonscooters.fr\/wp-content\/uploads\/2023\/12\/1b9ca806-0836-488c-aaec-5aa2eccf059a-768x512.jpg 768w, https:\/\/www.morissonscooters.fr\/wp-content\/uploads\/2023\/12\/1b9ca806-0836-488c-aaec-5aa2eccf059a-1000x667.jpg 1000w, https:\/\/www.morissonscooters.fr\/wp-content\/uploads\/2023\/12\/1b9ca806-0836-488c-aaec-5aa2eccf059a-230x153.jpg 230w, https:\/\/www.morissonscooters.fr\/wp-content\/uploads\/2023\/12\/1b9ca806-0836-488c-aaec-5aa2eccf059a-350x233.jpg 350w, https:\/\/www.morissonscooters.fr\/wp-content\/uploads\/2023\/12\/1b9ca806-0836-488c-aaec-5aa2eccf059a-480x320.jpg 480w, https:\/\/www.morissonscooters.fr\/wp-content\/uploads\/2023\/12\/1b9ca806-0836-488c-aaec-5aa2eccf059a.jpg 1311w\" sizes=\"auto, (max-width: 1024px) 100vw, 1024px\" \/><\/a><\/figure><\/li><li class=\"blocks-gallery-item\"><figure><a href=\"https:\/\/www.morissonscooters.fr\/wp-content\/uploads\/2023\/12\/9fd75717-2a77-4630-81dc-9491eb57b1c3.jpg\"><img alt=\"\" loading=\"lazy\" decoding=\"async\" width=\"1024\" height=\"683\" src=\"https:\/\/www.morissonscooters.fr\/wp-content\/uploads\/2023\/12\/9fd75717-2a77-4630-81dc-9491eb57b1c3-1024x683.jpg\" alt=\"\" data-id=\"2401\" data-full-url=\"https:\/\/www.morissonscooters.fr\/wp-content\/uploads\/2023\/12\/9fd75717-2a77-4630-81dc-9491eb57b1c3.jpg\" data-link=\"https:\/\/www.morissonscooters.fr\/index.php\/xp-400\/9fd75717-2a77-4630-81dc-9491eb57b1c3\/\" class=\"wp-image-2401\" srcset=\"https:\/\/www.morissonscooters.fr\/wp-content\/uploads\/2023\/12\/9fd75717-2a77-4630-81dc-9491eb57b1c3-1024x683.jpg 1024w, https:\/\/www.morissonscooters.fr\/wp-content\/uploads\/2023\/12\/9fd75717-2a77-4630-81dc-9491eb57b1c3-300x200.jpg 300w, https:\/\/www.morissonscooters.fr\/wp-content\/uploads\/2023\/12\/9fd75717-2a77-4630-81dc-9491eb57b1c3-768x512.jpg 768w, https:\/\/www.morissonscooters.fr\/wp-content\/uploads\/2023\/12\/9fd75717-2a77-4630-81dc-9491eb57b1c3-1000x667.jpg 1000w, https:\/\/www.morissonscooters.fr\/wp-content\/uploads\/2023\/12\/9fd75717-2a77-4630-81dc-9491eb57b1c3-230x153.jpg 230w, https:\/\/www.morissonscooters.fr\/wp-content\/uploads\/2023\/12\/9fd75717-2a77-4630-81dc-9491eb57b1c3-350x233.jpg 350w, https:\/\/www.morissonscooters.fr\/wp-content\/uploads\/2023\/12\/9fd75717-2a77-4630-81dc-9491eb57b1c3-480x320.jpg 480w, https:\/\/www.morissonscooters.fr\/wp-content\/uploads\/2023\/12\/9fd75717-2a77-4630-81dc-9491eb57b1c3.jpg 1311w\" sizes=\"auto, (max-width: 1024px) 100vw, 1024px\" \/><\/a><\/figure><\/li><li class=\"blocks-gallery-item\"><figure><a href=\"https:\/\/www.morissonscooters.fr\/wp-content\/uploads\/2023\/12\/31b6e1c6-db11-40da-8a08-90916e89cef2.jpg\"><img alt=\"\" loading=\"lazy\" decoding=\"async\" width=\"1024\" height=\"683\" src=\"https:\/\/www.morissonscooters.fr\/wp-content\/uploads\/2023\/12\/31b6e1c6-db11-40da-8a08-90916e89cef2-1024x683.jpg\" alt=\"\" data-id=\"2402\" data-full-url=\"https:\/\/www.morissonscooters.fr\/wp-content\/uploads\/2023\/12\/31b6e1c6-db11-40da-8a08-90916e89cef2.jpg\" data-link=\"https:\/\/www.morissonscooters.fr\/index.php\/xp-400\/31b6e1c6-db11-40da-8a08-90916e89cef2\/\" class=\"wp-image-2402\" srcset=\"https:\/\/www.morissonscooters.fr\/wp-content\/uploads\/2023\/12\/31b6e1c6-db11-40da-8a08-90916e89cef2-1024x683.jpg 1024w, https:\/\/www.morissonscooters.fr\/wp-content\/uploads\/2023\/12\/31b6e1c6-db11-40da-8a08-90916e89cef2-300x200.jpg 300w, https:\/\/www.morissonscooters.fr\/wp-content\/uploads\/2023\/12\/31b6e1c6-db11-40da-8a08-90916e89cef2-768x512.jpg 768w, https:\/\/www.morissonscooters.fr\/wp-content\/uploads\/2023\/12\/31b6e1c6-db11-40da-8a08-90916e89cef2-1000x667.jpg 1000w, https:\/\/www.morissonscooters.fr\/wp-content\/uploads\/2023\/12\/31b6e1c6-db11-40da-8a08-90916e89cef2-230x153.jpg 230w, https:\/\/www.morissonscooters.fr\/wp-content\/uploads\/2023\/12\/31b6e1c6-db11-40da-8a08-90916e89cef2-350x233.jpg 350w, https:\/\/www.morissonscooters.fr\/wp-content\/uploads\/2023\/12\/31b6e1c6-db11-40da-8a08-90916e89cef2-480x320.jpg 480w, https:\/\/www.morissonscooters.fr\/wp-content\/uploads\/2023\/12\/31b6e1c6-db11-40da-8a08-90916e89cef2.jpg 1311w\" sizes=\"auto, (max-width: 1024px) 100vw, 1024px\" \/><\/a><\/figure><\/li><li class=\"blocks-gallery-item\"><figure><a href=\"https:\/\/www.morissonscooters.fr\/wp-content\/uploads\/2023\/12\/4280010a-fc30-4cd9-9f3e-9d8d96da5404.jpg\"><img alt=\"\" loading=\"lazy\" decoding=\"async\" width=\"1024\" height=\"683\" src=\"https:\/\/www.morissonscooters.fr\/wp-content\/uploads\/2023\/12\/4280010a-fc30-4cd9-9f3e-9d8d96da5404-1024x683.jpg\" alt=\"\" data-id=\"2403\" data-full-url=\"https:\/\/www.morissonscooters.fr\/wp-content\/uploads\/2023\/12\/4280010a-fc30-4cd9-9f3e-9d8d96da5404.jpg\" data-link=\"https:\/\/www.morissonscooters.fr\/index.php\/xp-400\/4280010a-fc30-4cd9-9f3e-9d8d96da5404\/\" class=\"wp-image-2403\" srcset=\"https:\/\/www.morissonscooters.fr\/wp-content\/uploads\/2023\/12\/4280010a-fc30-4cd9-9f3e-9d8d96da5404-1024x683.jpg 1024w, https:\/\/www.morissonscooters.fr\/wp-content\/uploads\/2023\/12\/4280010a-fc30-4cd9-9f3e-9d8d96da5404-300x200.jpg 300w, https:\/\/www.morissonscooters.fr\/wp-content\/uploads\/2023\/12\/4280010a-fc30-4cd9-9f3e-9d8d96da5404-768x512.jpg 768w, https:\/\/www.morissonscooters.fr\/wp-content\/uploads\/2023\/12\/4280010a-fc30-4cd9-9f3e-9d8d96da5404-1000x667.jpg 1000w, https:\/\/www.morissonscooters.fr\/wp-content\/uploads\/2023\/12\/4280010a-fc30-4cd9-9f3e-9d8d96da5404-230x153.jpg 230w, https:\/\/www.morissonscooters.fr\/wp-content\/uploads\/2023\/12\/4280010a-fc30-4cd9-9f3e-9d8d96da5404-350x233.jpg 350w, https:\/\/www.morissonscooters.fr\/wp-content\/uploads\/2023\/12\/4280010a-fc30-4cd9-9f3e-9d8d96da5404-480x320.jpg 480w, https:\/\/www.morissonscooters.fr\/wp-content\/uploads\/2023\/12\/4280010a-fc30-4cd9-9f3e-9d8d96da5404.jpg 1311w\" sizes=\"auto, (max-width: 1024px) 100vw, 1024px\" \/><\/a><\/figure><\/li><li class=\"blocks-gallery-item\"><figure><a href=\"https:\/\/www.morissonscooters.fr\/wp-content\/uploads\/2023\/12\/aa2c4e13-1ae7-4e75-891b-a8d845ff2fd0.jpg\"><img alt=\"\" loading=\"lazy\" decoding=\"async\" width=\"1024\" height=\"682\" src=\"https:\/\/www.morissonscooters.fr\/wp-content\/uploads\/2023\/12\/aa2c4e13-1ae7-4e75-891b-a8d845ff2fd0-1024x682.jpg\" alt=\"\" data-id=\"2404\" data-full-url=\"https:\/\/www.morissonscooters.fr\/wp-content\/uploads\/2023\/12\/aa2c4e13-1ae7-4e75-891b-a8d845ff2fd0.jpg\" data-link=\"https:\/\/www.morissonscooters.fr\/index.php\/xp-400\/aa2c4e13-1ae7-4e75-891b-a8d845ff2fd0\/\" class=\"wp-image-2404\" srcset=\"https:\/\/www.morissonscooters.fr\/wp-content\/uploads\/2023\/12\/aa2c4e13-1ae7-4e75-891b-a8d845ff2fd0-1024x682.jpg 1024w, https:\/\/www.morissonscooters.fr\/wp-content\/uploads\/2023\/12\/aa2c4e13-1ae7-4e75-891b-a8d845ff2fd0-300x200.jpg 300w, https:\/\/www.morissonscooters.fr\/wp-content\/uploads\/2023\/12\/aa2c4e13-1ae7-4e75-891b-a8d845ff2fd0-768x512.jpg 768w, https:\/\/www.morissonscooters.fr\/wp-content\/uploads\/2023\/12\/aa2c4e13-1ae7-4e75-891b-a8d845ff2fd0-1000x666.jpg 1000w, https:\/\/www.morissonscooters.fr\/wp-content\/uploads\/2023\/12\/aa2c4e13-1ae7-4e75-891b-a8d845ff2fd0-230x153.jpg 230w, https:\/\/www.morissonscooters.fr\/wp-content\/uploads\/2023\/12\/aa2c4e13-1ae7-4e75-891b-a8d845ff2fd0-350x233.jpg 350w, https:\/\/www.morissonscooters.fr\/wp-content\/uploads\/2023\/12\/aa2c4e13-1ae7-4e75-891b-a8d845ff2fd0-480x320.jpg 480w, https:\/\/www.morissonscooters.fr\/wp-content\/uploads\/2023\/12\/aa2c4e13-1ae7-4e75-891b-a8d845ff2fd0.jpg 1312w\" sizes=\"auto, (max-width: 1024px) 100vw, 1024px\" \/><\/a><\/figure><\/li><li class=\"blocks-gallery-item\"><figure><a href=\"https:\/\/www.morissonscooters.fr\/wp-content\/uploads\/2023\/12\/b57cc944-d5ed-41cd-b163-19250c1b5021.jpg\"><img alt=\"\" loading=\"lazy\" decoding=\"async\" width=\"1024\" height=\"683\" src=\"https:\/\/www.morissonscooters.fr\/wp-content\/uploads\/2023\/12\/b57cc944-d5ed-41cd-b163-19250c1b5021-1024x683.jpg\" alt=\"\" data-id=\"2405\" data-full-url=\"https:\/\/www.morissonscooters.fr\/wp-content\/uploads\/2023\/12\/b57cc944-d5ed-41cd-b163-19250c1b5021.jpg\" data-link=\"https:\/\/www.morissonscooters.fr\/index.php\/xp-400\/b57cc944-d5ed-41cd-b163-19250c1b5021\/\" class=\"wp-image-2405\" srcset=\"https:\/\/www.morissonscooters.fr\/wp-content\/uploads\/2023\/12\/b57cc944-d5ed-41cd-b163-19250c1b5021-1024x683.jpg 1024w, https:\/\/www.morissonscooters.fr\/wp-content\/uploads\/2023\/12\/b57cc944-d5ed-41cd-b163-19250c1b5021-300x200.jpg 300w, https:\/\/www.morissonscooters.fr\/wp-content\/uploads\/2023\/12\/b57cc944-d5ed-41cd-b163-19250c1b5021-768x512.jpg 768w, https:\/\/www.morissonscooters.fr\/wp-content\/uploads\/2023\/12\/b57cc944-d5ed-41cd-b163-19250c1b5021-1000x667.jpg 1000w, https:\/\/www.morissonscooters.fr\/wp-content\/uploads\/2023\/12\/b57cc944-d5ed-41cd-b163-19250c1b5021-230x153.jpg 230w, https:\/\/www.morissonscooters.fr\/wp-content\/uploads\/2023\/12\/b57cc944-d5ed-41cd-b163-19250c1b5021-350x233.jpg 350w, https:\/\/www.morissonscooters.fr\/wp-content\/uploads\/2023\/12\/b57cc944-d5ed-41cd-b163-19250c1b5021-480x320.jpg 480w, https:\/\/www.morissonscooters.fr\/wp-content\/uploads\/2023\/12\/b57cc944-d5ed-41cd-b163-19250c1b5021.jpg 1312w\" sizes=\"auto, (max-width: 1024px) 100vw, 1024px\" \/><\/a><\/figure><\/li><li class=\"blocks-gallery-item\"><figure><a href=\"https:\/\/www.morissonscooters.fr\/wp-content\/uploads\/2023\/12\/b74b10bb-7464-4dbc-aa2b-39c601e05e1e.jpg\"><img alt=\"\" loading=\"lazy\" decoding=\"async\" width=\"1024\" height=\"683\" src=\"https:\/\/www.morissonscooters.fr\/wp-content\/uploads\/2023\/12\/b74b10bb-7464-4dbc-aa2b-39c601e05e1e-1024x683.jpg\" alt=\"\" data-id=\"2406\" data-full-url=\"https:\/\/www.morissonscooters.fr\/wp-content\/uploads\/2023\/12\/b74b10bb-7464-4dbc-aa2b-39c601e05e1e.jpg\" data-link=\"https:\/\/www.morissonscooters.fr\/index.php\/xp-400\/b74b10bb-7464-4dbc-aa2b-39c601e05e1e\/\" class=\"wp-image-2406\" srcset=\"https:\/\/www.morissonscooters.fr\/wp-content\/uploads\/2023\/12\/b74b10bb-7464-4dbc-aa2b-39c601e05e1e-1024x683.jpg 1024w, https:\/\/www.morissonscooters.fr\/wp-content\/uploads\/2023\/12\/b74b10bb-7464-4dbc-aa2b-39c601e05e1e-300x200.jpg 300w, https:\/\/www.morissonscooters.fr\/wp-content\/uploads\/2023\/12\/b74b10bb-7464-4dbc-aa2b-39c601e05e1e-768x512.jpg 768w, https:\/\/www.morissonscooters.fr\/wp-content\/uploads\/2023\/12\/b74b10bb-7464-4dbc-aa2b-39c601e05e1e-1000x667.jpg 1000w, https:\/\/www.morissonscooters.fr\/wp-content\/uploads\/2023\/12\/b74b10bb-7464-4dbc-aa2b-39c601e05e1e-230x153.jpg 230w, https:\/\/www.morissonscooters.fr\/wp-content\/uploads\/2023\/12\/b74b10bb-7464-4dbc-aa2b-39c601e05e1e-350x233.jpg 350w, https:\/\/www.morissonscooters.fr\/wp-content\/uploads\/2023\/12\/b74b10bb-7464-4dbc-aa2b-39c601e05e1e-480x320.jpg 480w, https:\/\/www.morissonscooters.fr\/wp-content\/uploads\/2023\/12\/b74b10bb-7464-4dbc-aa2b-39c601e05e1e.jpg 1311w\" sizes=\"auto, (max-width: 1024px) 100vw, 1024px\" \/><\/a><\/figure><\/li><li class=\"blocks-gallery-item\"><figure><a href=\"https:\/\/www.morissonscooters.fr\/wp-content\/uploads\/2023\/12\/cbdce69a-1080-4727-9026-b165e8997ca2.jpg\"><img alt=\"\" loading=\"lazy\" decoding=\"async\" width=\"1024\" height=\"682\" src=\"https:\/\/www.morissonscooters.fr\/wp-content\/uploads\/2023\/12\/cbdce69a-1080-4727-9026-b165e8997ca2-1024x682.jpg\" alt=\"\" data-id=\"2407\" data-full-url=\"https:\/\/www.morissonscooters.fr\/wp-content\/uploads\/2023\/12\/cbdce69a-1080-4727-9026-b165e8997ca2.jpg\" data-link=\"https:\/\/www.morissonscooters.fr\/index.php\/xp-400\/cbdce69a-1080-4727-9026-b165e8997ca2\/\" class=\"wp-image-2407\" srcset=\"https:\/\/www.morissonscooters.fr\/wp-content\/uploads\/2023\/12\/cbdce69a-1080-4727-9026-b165e8997ca2-1024x682.jpg 1024w, https:\/\/www.morissonscooters.fr\/wp-content\/uploads\/2023\/12\/cbdce69a-1080-4727-9026-b165e8997ca2-300x200.jpg 300w, https:\/\/www.morissonscooters.fr\/wp-content\/uploads\/2023\/12\/cbdce69a-1080-4727-9026-b165e8997ca2-768x512.jpg 768w, https:\/\/www.morissonscooters.fr\/wp-content\/uploads\/2023\/12\/cbdce69a-1080-4727-9026-b165e8997ca2-1000x666.jpg 1000w, https:\/\/www.morissonscooters.fr\/wp-content\/uploads\/2023\/12\/cbdce69a-1080-4727-9026-b165e8997ca2-230x153.jpg 230w, https:\/\/www.morissonscooters.fr\/wp-content\/uploads\/2023\/12\/cbdce69a-1080-4727-9026-b165e8997ca2-350x233.jpg 350w, https:\/\/www.morissonscooters.fr\/wp-content\/uploads\/2023\/12\/cbdce69a-1080-4727-9026-b165e8997ca2-480x320.jpg 480w, https:\/\/www.morissonscooters.fr\/wp-content\/uploads\/2023\/12\/cbdce69a-1080-4727-9026-b165e8997ca2.jpg 1313w\" sizes=\"auto, (max-width: 1024px) 100vw, 1024px\" \/><\/a><\/figure><\/li><li class=\"blocks-gallery-item\"><figure><a href=\"https:\/\/www.morissonscooters.fr\/wp-content\/uploads\/2023\/12\/e078f393-83b9-457f-8312-600aed014b5e.jpg\"><img alt=\"\" loading=\"lazy\" decoding=\"async\" width=\"1024\" height=\"683\" src=\"https:\/\/www.morissonscooters.fr\/wp-content\/uploads\/2023\/12\/e078f393-83b9-457f-8312-600aed014b5e-1024x683.jpg\" alt=\"\" data-id=\"2408\" data-full-url=\"https:\/\/www.morissonscooters.fr\/wp-content\/uploads\/2023\/12\/e078f393-83b9-457f-8312-600aed014b5e.jpg\" data-link=\"https:\/\/www.morissonscooters.fr\/index.php\/xp-400\/e078f393-83b9-457f-8312-600aed014b5e\/\" class=\"wp-image-2408\" srcset=\"https:\/\/www.morissonscooters.fr\/wp-content\/uploads\/2023\/12\/e078f393-83b9-457f-8312-600aed014b5e-1024x683.jpg 1024w, https:\/\/www.morissonscooters.fr\/wp-content\/uploads\/2023\/12\/e078f393-83b9-457f-8312-600aed014b5e-300x200.jpg 300w, https:\/\/www.morissonscooters.fr\/wp-content\/uploads\/2023\/12\/e078f393-83b9-457f-8312-600aed014b5e-768x512.jpg 768w, https:\/\/www.morissonscooters.fr\/wp-content\/uploads\/2023\/12\/e078f393-83b9-457f-8312-600aed014b5e-1000x667.jpg 1000w, https:\/\/www.morissonscooters.fr\/wp-content\/uploads\/2023\/12\/e078f393-83b9-457f-8312-600aed014b5e-230x153.jpg 230w, https:\/\/www.morissonscooters.fr\/wp-content\/uploads\/2023\/12\/e078f393-83b9-457f-8312-600aed014b5e-350x233.jpg 350w, https:\/\/www.morissonscooters.fr\/wp-content\/uploads\/2023\/12\/e078f393-83b9-457f-8312-600aed014b5e-480x320.jpg 480w, https:\/\/www.morissonscooters.fr\/wp-content\/uploads\/2023\/12\/e078f393-83b9-457f-8312-600aed014b5e.jpg 1311w\" sizes=\"auto, (max-width: 1024px) 100vw, 1024px\" \/><\/a><\/figure><\/li><li class=\"blocks-gallery-item\"><figure><a href=\"https:\/\/www.morissonscooters.fr\/wp-content\/uploads\/2023\/12\/f771cd97-aa4f-4fe9-bafe-8a6000545cfe.jpg\"><img alt=\"\" loading=\"lazy\" decoding=\"async\" width=\"1024\" height=\"683\" src=\"https:\/\/www.morissonscooters.fr\/wp-content\/uploads\/2023\/12\/f771cd97-aa4f-4fe9-bafe-8a6000545cfe-1024x683.jpg\" alt=\"\" data-id=\"2409\" data-full-url=\"https:\/\/www.morissonscooters.fr\/wp-content\/uploads\/2023\/12\/f771cd97-aa4f-4fe9-bafe-8a6000545cfe.jpg\" data-link=\"https:\/\/www.morissonscooters.fr\/index.php\/xp-400\/f771cd97-aa4f-4fe9-bafe-8a6000545cfe\/\" class=\"wp-image-2409\" srcset=\"https:\/\/www.morissonscooters.fr\/wp-content\/uploads\/2023\/12\/f771cd97-aa4f-4fe9-bafe-8a6000545cfe-1024x683.jpg 1024w, https:\/\/www.morissonscooters.fr\/wp-content\/uploads\/2023\/12\/f771cd97-aa4f-4fe9-bafe-8a6000545cfe-300x200.jpg 300w, https:\/\/www.morissonscooters.fr\/wp-content\/uploads\/2023\/12\/f771cd97-aa4f-4fe9-bafe-8a6000545cfe-768x512.jpg 768w, https:\/\/www.morissonscooters.fr\/wp-content\/uploads\/2023\/12\/f771cd97-aa4f-4fe9-bafe-8a6000545cfe-1000x667.jpg 1000w, https:\/\/www.morissonscooters.fr\/wp-content\/uploads\/2023\/12\/f771cd97-aa4f-4fe9-bafe-8a6000545cfe-230x153.jpg 230w, https:\/\/www.morissonscooters.fr\/wp-content\/uploads\/2023\/12\/f771cd97-aa4f-4fe9-bafe-8a6000545cfe-350x233.jpg 350w, https:\/\/www.morissonscooters.fr\/wp-content\/uploads\/2023\/12\/f771cd97-aa4f-4fe9-bafe-8a6000545cfe-480x320.jpg 480w, https:\/\/www.morissonscooters.fr\/wp-content\/uploads\/2023\/12\/f771cd97-aa4f-4fe9-bafe-8a6000545cfe.jpg 1312w\" sizes=\"auto, (max-width: 1024px) 100vw, 1024px\" \/><\/a><\/figure><\/li><\/ul><\/figure>\n\n\n\n<figure class=\"wp-block-embed-youtube aligncenter wp-block-embed is-type-video is-provider-youtube wp-embed-aspect-16-9 wp-has-aspect-ratio\"><div class=\"wp-block-embed__wrapper\">\n<iframe loading=\"lazy\" title=\"XP400 | THE 2-WHEELED SUV BY PEUGEOT\" width=\"1170\" height=\"658\" src=\"https:\/\/www.youtube.com\/embed\/OR-RDrjwKuI?feature=oembed\" frameborder=\"0\" allow=\"accelerometer; autoplay; clipboard-write; encrypted-media; gyroscope; picture-in-picture; web-share\" allowfullscreen><\/iframe>\n<\/div><\/figure>\n","protected":false},"excerpt":{"rendered":"<p>maxi scooter Entre scooters urbains premium et motos Tant par son design que par ses fonctionnalit\u00e9s, Peugeot Motocycles propose XP400, un v\u00e9hicule [&hellip;]<\/p>\n","protected":false},"author":1,"featured_media":0,"parent":0,"menu_order":0,"comment_status":"closed","ping_status":"closed","template":"page-templates\/page_fullwidth.php","meta":{"_seopress_robots_primary_cat":"","_seopress_titles_title":"","_seopress_titles_desc":"","_seopress_robots_index":"","footnotes":""},"class_list":["post-2397","page","type-page","status-publish","hentry"],"jetpack_sharing_enabled":true,"_links":{"self":[{"href":"https:\/\/www.morissonscooters.fr\/index.php\/wp-json\/wp\/v2\/pages\/2397","targetHints":{"allow":["GET"]}}],"collection":[{"href":"https:\/\/www.morissonscooters.fr\/index.php\/wp-json\/wp\/v2\/pages"}],"about":[{"href":"https:\/\/www.morissonscooters.fr\/index.php\/wp-json\/wp\/v2\/types\/page"}],"author":[{"embeddable":true,"href":"https:\/\/www.morissonscooters.fr\/index.php\/wp-json\/wp\/v2\/users\/1"}],"replies":[{"embeddable":true,"href":"https:\/\/www.morissonscooters.fr\/index.php\/wp-json\/wp\/v2\/comments?post=2397"}],"version-history":[{"count":0,"href":"https:\/\/www.morissonscooters.fr\/index.php\/wp-json\/wp\/v2\/pages\/2397\/revisions"}],"wp:attachment":[{"href":"https:\/\/www.morissonscooters.fr\/index.php\/wp-json\/wp\/v2\/media?parent=2397"}],"curies":[{"name":"wp","href":"https:\/\/api.w.org\/{rel}","templated":true}]}}