{"id":324,"date":"2019-02-14T15:47:36","date_gmt":"2019-02-14T14:47:36","guid":{"rendered":"http:\/\/www.morissonscooters.fr\/?page_id=324"},"modified":"2025-01-15T08:46:00","modified_gmt":"2025-01-15T07:46:00","slug":"mentions-legales","status":"publish","type":"page","link":"https:\/\/www.morissonscooters.fr\/index.php\/mentions-legales\/","title":{"rendered":"Mentions l\u00e9gales"},"content":{"rendered":"\n<p><strong>Ces mentions l\u00e9gales s\u2019appliquent \u00e0 tout internaute visitant le site de \u2026<\/strong><\/p>\n\n\n\n<p>En consultant ce site, vous acceptez les conditions d\u2019utilisation d\u00e9crites dans les mentions l\u00e9gales et vous vous engagez sans r\u00e9serve \u00e0 les respecter. Ces mentions l\u00e9gales pourront \u00eatre modifi\u00e9es \u00e0 tout moment et sans pr\u00e9avis ; nous vous invitons donc \u00e0 les consulter r\u00e9guli\u00e8rement.<\/p>\n\n\n\n<h2 class=\"wp-block-heading\">\u00c9diteur<\/h2>\n\n\n\n<p>SARL CHRISTIAN MORISSON g\u00e9r\u00e9e par St\u00e9phane Morisson<br>17 Avenue du Mar\u00e9chal Soult<br>64100 Bayonne<\/p>\n\n\n\n<p>Immatriculation : RCS BAYONNE 702720442<\/p>\n\n\n\n<h2 class=\"wp-block-heading\">H\u00e9bergement<\/h2>\n\n\n\n<p>OVH<br>SAS au capital de 50 000 000 \u20ac<\/p>\n\n\n\n<p>RCS Lille M\u00e9tropole 424 761 419 00045<br>Code APE 2620Z<br>N\u00b0 TVA : FR 22 424 761 419<br>Si\u00e8ge social : 2 rue Kellermann &#8211; 59100 Roubaix &#8211; France<\/p>\n\n\n\n<p>OVH SAS est une filiale de la soci\u00e9t\u00e9 OVH Groupe SA, soci\u00e9t\u00e9 immatricul\u00e9e au RCS de Lille sous le num\u00e9ro 537 407 926 sise 2, rue Kellermann, 59100 Roubaix.<\/p>\n\n\n\n<p>Directeur de la publication&nbsp;:&nbsp;Benjamin Revcolevschi<\/p>\n\n\n\n<p>Ce site est h\u00e9berg\u00e9 par OVH SAS 2 rue Kellermann &#8211; 59100 Roubaix &#8211; France<\/p>\n\n\n\n<h2 class=\"wp-block-heading\">Liens hypertexte<\/h2>\n\n\n\n<p>Le site de \u2026 comporte des liens hypertexte dirigeant l\u2019internaute vers d\u2019autres site web. Le site de \u2026 ne contr\u00f4le pas les sites en connexion avec le sien et ne saurait donc \u00eatre responsable de leur contenu.<\/p>\n\n\n\n<h2 class=\"wp-block-heading\">Droits d\u2019auteur et propri\u00e9t\u00e9 intellectuelle<\/h2>\n\n\n\n<p>L\u2019ensemble de ce site rel\u00e8ve de la l\u00e9gislation fran\u00e7aise et internationale sur les droits d\u2019auteur et la propri\u00e9t\u00e9 intellectuelle. Tous les droits de reproduction sont r\u00e9serv\u00e9s. La reproduction de tout ou partie de ce site sur quelque support que ce soit est formellement interdite sauf autorisation expresse et pr\u00e9alable du directeur de la publication. La reproduction des textes de ce site sur un support papier est autoris\u00e9e, sous r\u00e9serve du respect des conditions suivantes : gratuit\u00e9 de la diffusion, respect de l\u2019int\u00e9grit\u00e9 des documents reproduits : pas de modification ni alt\u00e9ration d\u2019aucune sorte, citation claire et lisible de la source.<\/p>\n\n\n\n<h2 class=\"wp-block-heading\">Donn\u00e9es personnelles et confidentialit\u00e9<\/h2>\n\n\n\n<p>Le site de \u2026 n\u2019enregistre pas d\u2019informations personnelles permettant l\u2019identification, \u00e0 l\u2019exception des formulaires que l\u2019utilisateur est libre de remplir. Les informations recueillies sur ce site b\u00e9n\u00e9ficient de la&nbsp;<strong>protection du r\u00e8glement europ\u00e9en sur la protection des donn\u00e9es (RGPD)<\/strong>. Conform\u00e9ment \u00e0 la l\u00e9gislation en vigueur, elles font l\u2019objet d\u2019un traitement loyal, r\u00e9pondant aux obligations de finalit\u00e9, de pertinence, de dur\u00e9e de conservation, de droits des personnes, de s\u00e9curit\u00e9 et de documentation.<br>Ceci implique notamment que les donn\u00e9es personnelles collect\u00e9es b\u00e9n\u00e9ficient d\u2019un droit d\u2019acc\u00e8s, de rectification, d\u2019opposition \u00e0 communication et de suppression sur simple demande par email \u00e0 \u2026.<\/p>\n\n\n\n<p><strong>Ces informations ne seront pas utilis\u00e9es sans votre accord<\/strong>. Nous les utiliserons seulement pour vous adresser des courriers, des brochures, des devis ou vous contacter.<br>Tous les ans, nous vous enverrons un message afin de nous assurer que vous acceptez de continuer \u00e0 recevoir nos lettres d\u2019information. Sans r\u00e9ponse de votre part, ces donn\u00e9es seront supprim\u00e9es au bout d\u2019un an.<\/p>\n\n\n\n<h2 class=\"wp-block-heading\">Cookies<\/h2>\n\n\n\n<p>La navigation sur le site de \u2026 est susceptible d\u2019entra\u00eener l\u2019enregistrement ou la lecture, sur votre ordinateur, votre mobile ou votre tablette, de&nbsp;<strong>cookies<\/strong>&nbsp;sous r\u00e9serve de vos choix. Un cookie est un petit fichier texte d\u00e9pos\u00e9 sur votre ordinateur, votre mobile ou votre tablette, lors de la visite d\u2019un site. Dans votre ordinateur les cookies sont g\u00e9r\u00e9s par votre navigateur internet.<\/p>\n\n\n\n<p>Ces cookies peuvent \u00e9galement \u00eatre utilis\u00e9s pour&nbsp;<strong>afficher de la publicit\u00e9 cibl\u00e9e<\/strong>. Lorsque nous affichons des annonces publicitaires sur nos pages, nous pla\u00e7ons en m\u00eame temps un ou plusieurs cookies permanents sur votre ordinateur ou p\u00e9riph\u00e9rique afin de pouvoir reconna\u00eetre ce dernier \u00e0 chaque publication d\u2019annonces. En affichant nos annonces publicitaires et celles de nos partenaires de publicit\u00e9 et de publication sur nos sites Web, nous pouvons, au fil du temps, collecter des informations sur les types de pages, de contenus et d\u2019annonces publicitaires que vous, ou d\u2019autres personnes qui utilisent votre ordinateur, ont visit\u00e9s ou consult\u00e9s. Nous utilisons ces informations \u00e0 plusieurs fins, elles nous permettent, par exemple, d\u2019essayer d\u2019\u00e9viter que vous soyez toujours expos\u00e9 aux m\u00eames annonces publicitaires. Ces informations nous permettent \u00e9galement de s\u00e9lectionner et d\u2019afficher des annonces publicitaires cibl\u00e9es que nous jugeons compatibles avec vos pr\u00e9f\u00e9rences.<\/p>\n\n\n\n<p>Ces cookies peuvent \u00e9galement \u00eatre utilis\u00e9s pour&nbsp;<strong>recueillir et analyser des statistiques de mani\u00e8re non nominative<\/strong>. Nous pouvons utiliser des cookies pour compter le nombre de visites, de visiteurs uniques, de pages vues ou pour produire d\u2019autres statistiques globales sur les activit\u00e9s de nos sites et services. Ces analyses nous permettront de mieux g\u00e9rer ces sites et services et d\u2019am\u00e9liorer leurs performances.<\/p>\n\n\n\n<p>Vous pouvez \u00e0 tout moment choisir de&nbsp;<strong>d\u00e9sactiver ces cookies<\/strong>&nbsp;via les param\u00e8tres de votre navigateur. Votre navigateur peut \u00e9galement \u00eatre param\u00e9tr\u00e9 pour vous signaler les cookies qui sont d\u00e9pos\u00e9s dans votre ordinateur et vous demander de les accepter ou non. Vous pouvez accepter ou refuser les cookies au cas par cas ou bien les refuser syst\u00e9matiquement une fois pour toutes.<\/p>\n\n\n\n<p>Pour&nbsp;<strong>en savoir plus<\/strong>&nbsp;sur le param\u00e9trage des cookies sur votre navigateur :<br>\u2013&nbsp;<a href=\"https:\/\/support.mozilla.org\/fr\/kb\/activer-desactiver-cookies\">Firefox<\/a><br>\u2013&nbsp;<a href=\"https:\/\/support.apple.com\/kb\/PH19214?viewlocale=fr_FR&amp;locale=fr_FR\">Safari<\/a><br>\u2013&nbsp;<a href=\"https:\/\/support.google.com\/chrome\/answer\/95647?hl=fr\">Chrome<\/a><br>\u2013&nbsp;<a href=\"http:\/\/windows.microsoft.com\/fr-FR\/internet-explorer\/delete-manage-cookies#ie=ie-11\">Internet explorer<\/a><\/p>\n\n\n\n<p>Pour plus d\u2019informations sur les cookies, consultez le site de la&nbsp;<strong>Commission Nationale de l\u2019Informatique et des Libert\u00e9s<\/strong>&nbsp;(CNIL) :&nbsp;<a href=\"http:\/\/www.cnil.fr\/vos-libertes\/vos-traces\/les-cookies\/\">http:\/\/www.cnil.fr\/vos-libertes\/vos-traces\/les-cookies\/<\/a>.<\/p>\n\n\n\n<p><\/p>\n","protected":false},"excerpt":{"rendered":"<p>Ces mentions l\u00e9gales s\u2019appliquent \u00e0 tout internaute visitant le site de \u2026 En consultant ce site, vous acceptez les conditions d\u2019utilisation d\u00e9crites [&hellip;]<\/p>\n","protected":false},"author":1,"featured_media":0,"parent":0,"menu_order":0,"comment_status":"closed","ping_status":"closed","template":"","meta":{"_seopress_robots_primary_cat":"","_seopress_titles_title":"","_seopress_titles_desc":"","_seopress_robots_index":"","footnotes":""},"class_list":["post-324","page","type-page","status-publish","hentry"],"jetpack_sharing_enabled":true,"_links":{"self":[{"href":"https:\/\/www.morissonscooters.fr\/index.php\/wp-json\/wp\/v2\/pages\/324","targetHints":{"allow":["GET"]}}],"collection":[{"href":"https:\/\/www.morissonscooters.fr\/index.php\/wp-json\/wp\/v2\/pages"}],"about":[{"href":"https:\/\/www.morissonscooters.fr\/index.php\/wp-json\/wp\/v2\/types\/page"}],"author":[{"embeddable":true,"href":"https:\/\/www.morissonscooters.fr\/index.php\/wp-json\/wp\/v2\/users\/1"}],"replies":[{"embeddable":true,"href":"https:\/\/www.morissonscooters.fr\/index.php\/wp-json\/wp\/v2\/comments?post=324"}],"version-history":[{"count":0,"href":"https:\/\/www.morissonscooters.fr\/index.php\/wp-json\/wp\/v2\/pages\/324\/revisions"}],"wp:attachment":[{"href":"https:\/\/www.morissonscooters.fr\/index.php\/wp-json\/wp\/v2\/media?parent=324"}],"curies":[{"name":"wp","href":"https:\/\/api.w.org\/{rel}","templated":true}]}}