{"id":90010,"date":"2025-01-15T10:14:53","date_gmt":"2025-01-15T09:14:53","guid":{"rendered":"https:\/\/www.morissonscooters.fr\/?page_id=90010"},"modified":"2025-01-15T10:14:54","modified_gmt":"2025-01-15T09:14:54","slug":"plan-du-site","status":"publish","type":"page","link":"https:\/\/www.morissonscooters.fr\/index.php\/plan-du-site\/","title":{"rendered":"Plan du site"},"content":{"rendered":"<div class=\"wrap-html-sitemap sp-html-sitemap\"><div class=\"sp-wrap-cpt\"><h2 class=\"sp-cpt-name\">Pages<\/h2><ul class=\"sp-list-posts sp-cpt-hierarchical\"><li class=\"page_item page-item-90010\"><a href=\"https:\/\/www.morissonscooters.fr\/index.php\/plan-du-site\/\">Plan du site<\/a><\/li><li class=\"page_item page-item-2397\"><a href=\"https:\/\/www.morissonscooters.fr\/index.php\/xp-400\/\">Xp 400<\/a><\/li><li class=\"page_item page-item-2177\"><a href=\"https:\/\/www.morissonscooters.fr\/index.php\/en-construction\/\">Motos BSA<\/a><\/li><li class=\"page_item page-item-1625\"><a href=\"https:\/\/www.morissonscooters.fr\/index.php\/velo-cargo-a-assistance-electrique-cube\/\">Cargo \u00e0 assistance \u00e9l\u00e9ctrique Cube<\/a><\/li><li class=\"page_item page-item-1441\"><a href=\"https:\/\/www.morissonscooters.fr\/index.php\/cromwell-125\/\">Cromwell 125<\/a><\/li><li class=\"page_item page-item-1392\"><a href=\"https:\/\/www.morissonscooters.fr\/index.php\/moto-brixton\/\">Moto Brixton<\/a><\/li><li class=\"page_item page-item-1307\"><a href=\"https:\/\/www.morissonscooters.fr\/index.php\/velo-a-assistance-electrique-gitane\/\">V\u00e9lo \u00e0 assistance \u00e9lectrique Peugeot &#038; Gitane<\/a><\/li><li class=\"page_item page-item-1295\"><a href=\"https:\/\/www.morissonscooters.fr\/index.php\/velo-a-assistance-electrique-velo-cargo-a-assistance-electrique\/\">V\u00e9lo \u00e0 assistance \u00e9lectrique<\/a><\/li><li class=\"page_item page-item-1278\"><a href=\"https:\/\/www.morissonscooters.fr\/index.php\/contact\/\">contact<\/a><\/li><li class=\"page_item page-item-903\"><a href=\"https:\/\/www.morissonscooters.fr\/index.php\/accueil1\/\">accueil1<\/a><\/li><li class=\"page_item page-item-363\"><a href=\"https:\/\/www.morissonscooters.fr\/index.php\/https-www-peugeot-motocycles-fr-tco-comparateur-thermique-electrique\/\">Peugeot 50cc<\/a><\/li><li class=\"page_item page-item-346\"><a href=\"https:\/\/www.morissonscooters.fr\/index.php\/occasions\/\">Occasions<\/a><\/li><li class=\"page_item page-item-339\"><a href=\"https:\/\/www.morissonscooters.fr\/index.php\/velo-a-assistance-electrique\/\">V\u00e9lo \u00e0 assistance \u00e9lectrique<\/a><\/li><li class=\"page_item page-item-324\"><a href=\"https:\/\/www.morissonscooters.fr\/index.php\/mentions-legales\/\">Mentions l\u00e9gales<\/a><\/li><li class=\"page_item page-item-287\"><a href=\"https:\/\/www.morissonscooters.fr\/index.php\/motos-archive\/\">Motos Archive<\/a><\/li><li class=\"page_item page-item-213\"><a href=\"https:\/\/www.morissonscooters.fr\/\">Accueil<\/a><\/li><li class=\"page_item page-item-108\"><a href=\"https:\/\/www.morissonscooters.fr\/index.php\/presentation\/\">PRESENTATION<\/a><\/li><li class=\"page_item page-item-131\"><a href=\"https:\/\/www.morissonscooters.fr\/index.php\/gamme-50\/\">Motos SHERCO 50cc<\/a><\/li><li class=\"page_item page-item-130\"><a href=\"https:\/\/www.morissonscooters.fr\/index.php\/gamme-125\/\">Peugeot 125<\/a><\/li><li class=\"page_item page-item-129\"><a href=\"https:\/\/www.morissonscooters.fr\/index.php\/metropolis-400\/\">SCOOTER 3 ROUES METROPOLIS<\/a><\/li><\/ul><\/div><\/div>\n\n\n\n<p><\/p>\n","protected":false},"excerpt":{"rendered":"","protected":false},"author":1,"featured_media":0,"parent":0,"menu_order":0,"comment_status":"closed","ping_status":"closed","template":"","meta":{"_seopress_robots_primary_cat":"","_seopress_titles_title":"","_seopress_titles_desc":"","_seopress_robots_index":"","footnotes":""},"class_list":["post-90010","page","type-page","status-publish","hentry"],"jetpack_sharing_enabled":true,"_links":{"self":[{"href":"https:\/\/www.morissonscooters.fr\/index.php\/wp-json\/wp\/v2\/pages\/90010","targetHints":{"allow":["GET"]}}],"collection":[{"href":"https:\/\/www.morissonscooters.fr\/index.php\/wp-json\/wp\/v2\/pages"}],"about":[{"href":"https:\/\/www.morissonscooters.fr\/index.php\/wp-json\/wp\/v2\/types\/page"}],"author":[{"embeddable":true,"href":"https:\/\/www.morissonscooters.fr\/index.php\/wp-json\/wp\/v2\/users\/1"}],"replies":[{"embeddable":true,"href":"https:\/\/www.morissonscooters.fr\/index.php\/wp-json\/wp\/v2\/comments?post=90010"}],"version-history":[{"count":1,"href":"https:\/\/www.morissonscooters.fr\/index.php\/wp-json\/wp\/v2\/pages\/90010\/revisions"}],"predecessor-version":[{"id":90013,"href":"https:\/\/www.morissonscooters.fr\/index.php\/wp-json\/wp\/v2\/pages\/90010\/revisions\/90013"}],"wp:attachment":[{"href":"https:\/\/www.morissonscooters.fr\/index.php\/wp-json\/wp\/v2\/media?parent=90010"}],"curies":[{"name":"wp","href":"https:\/\/api.w.org\/{rel}","templated":true}]}}